{"id":289107,"date":"2023-02-22T14:51:10","date_gmt":"2023-02-22T13:51:10","guid":{"rendered":"https:\/\/www.brammibalsdonuts.com\/?page_id=289107"},"modified":"2023-02-22T14:56:56","modified_gmt":"2023-02-22T13:56:56","slug":"widerrufsbelehrung","status":"publish","type":"page","link":"https:\/\/www.brammibalsdonuts.com\/de\/widerrufsbelehrung\/","title":{"rendered":"Widerrufsbelehrung"},"content":{"rendered":"\n<p>Widerrufsrecht f\u00fcr unsere Merch-Artikel<\/p>\n\n\n\n<p>Du hast das Recht, binnen vierzehn Tagen ohne Angabe von Gr\u00fcnden diesen Vertrag zu widerrufen. Die Widerrufsfrist betr\u00e4gt vierzehn Tage ab dem Tag, an dem du oder ein von dir benannter Dritter, der nicht der Bef\u00f6rderer ist, die letzte Ware in Besitz genommen haben bzw. hat.<\/p>\n\n\n\n<p>Um das Widerrufsrecht auszu\u00fcben, musst du uns (Brammibal\u2019s Donuts GmbH \/ Boxhagener Stra\u00dfe 78, 10245 Berlin, Deutschland, hello@brammibalsdonuts.com) mittels einer eindeutigen Erkl\u00e4rung (z.B. ein mit der Post versandter Brief oder E-Mail) \u00fcber deinen Entschluss, diesen Vertrag zu widerrufen, informieren. Du kannst daf\u00fcr das beigef\u00fcgte Muster-Widerrufsformular verwenden, das jedoch nicht vorgeschrieben ist.<\/p>\n\n\n\n<p>Zur Wahrung der Widerrufsfrist reicht es aus, dass du die Mitteilung \u00fcber die Aus\u00fcbung des Widerrufsrechts vor Ablauf der Widerrufsfrist absendest.<\/p>\n\n\n\n<p>Folgen des Widerrufs<\/p>\n\n\n\n<p>Wenn du diesen Vertrag widerrufst, haben wir dir alle Zahlungen, die wir von dir erhalten haben (mit Ausnahme der Versandkosten wie zus\u00e4tzlichen Kosten, die sich daraus ergeben, dass du eine andere Art der Lieferung als die von uns angebotene, g\u00fcnstigste Standardlieferung gew\u00e4hlt hast), unverz\u00fcglich und sp\u00e4testens binnen vierzehn Tagen ab dem Tag zur\u00fcckzuzahlen, an dem die Mitteilung \u00fcber den Widerruf dieses Vertrags bei uns eingegangen ist. F\u00fcr diese R\u00fcckzahlung verwenden wir dasselbe Zahlungsmittel, das du bei der urspr\u00fcnglichen Transaktion eingesetzt hast. Wir k\u00f6nnen die R\u00fcckzahlung verweigern, bis wir die Waren wieder zur\u00fcckerhalten haben oder bis du den Nachweis erbracht hass, dass du die Waren zur\u00fcckgesandt hast, je nachdem, welches der fr\u00fchere Zeitpunkt ist.<\/p>\n\n\n\n<p>Du hast die Waren unverz\u00fcglich und in jedem Fall sp\u00e4testens binnen vierzehn Tagen ab dem Tag, an dem du uns \u00fcber den Widerruf dieses Vertrags unterrichtest, an uns zur\u00fcckzusenden oder zu \u00fcbergeben. Die Frist ist gewahrt, wenn du die Waren vor Ablauf der Frist von vierzehn Tagen absendest. Du tr\u00e4gst die unmittelbaren Kosten der R\u00fccksendung der Waren. Du musst f\u00fcr einen etwaigen Wertverlust der Waren nur aufkommen, wenn dieser Wertverlust auf einen zur Pr\u00fcfung der Beschaffenheit, Eigenschaften und Funktionsweise der Waren nicht notwendigen Umgang mit ihnen zur\u00fcckzuf\u00fchren ist.<\/p>\n\n\n\n<p><strong>Muster-Widerrufsformular<\/strong><\/p>\n\n\n\n<p><em>(Wenn du den Vertrag widerrufen m\u00f6chtest, dann f\u00fclle bitte dieses Formular aus und sende es an uns zur\u00fcck.)<\/em><\/p>\n\n\n\n<p>\u2013 Brammibal\u2019s Donuts GmbH \/ Boxhagener Stra\u00dfe 78, 10245 Berlin, Deutschland, hello@brammibalsdonuts.com<br>\u2013 Hiermit widerrufe(n) ich\/wir (*) den von mir\/uns (*) abgeschlossenen Vertrag \u00fcber den Kauf der folgenden Waren (*)\/die Erbringung der folgenden Dienstleistung (*)<br>\u2013 Bestellt am (*)\/erhalten am (*)<br>\u2013 Name des\/der Verbraucher(s)<br>\u2013 Anschrift des\/der Verbraucher(s)<br>\u2013 Unterschrift des\/der Verbraucher(s) (nur bei Mitteilung auf Papier)<br>\u2013 Datum<br>(*) Unzutreffendes streichen.<\/p>\n\n\n\n<p><\/p>\n","protected":false},"excerpt":{"rendered":"<p>Widerrufsrecht f\u00fcr unsere Merch-Artikel Du hast das Recht, binnen vierzehn Tagen ohne Angabe von Gr\u00fcnden diesen Vertrag zu widerrufen. Die Widerrufsfrist betr\u00e4gt vierzehn Tage ab dem Tag, an dem du oder ein von dir benannter Dritter, der nicht der Bef\u00f6rderer ist, die letzte Ware in Besitz genommen haben bzw. hat. Um das Widerrufsrecht auszu\u00fcben, musst [&hellip;]<\/p>\n","protected":false},"author":2,"featured_media":0,"parent":0,"menu_order":10,"comment_status":"closed","ping_status":"closed","template":"","meta":{"_acf_changed":false,"footnotes":""},"class_list":["post-289107","page","type-page","status-publish","hentry"],"acf":[],"yoast_head":"<!-- This site is optimized with the Yoast SEO plugin v27.3 - https:\/\/yoast.com\/product\/yoast-seo-wordpress\/ -->\n<title>Widerrufsbelehrung - Brammibal&#039;s Vegan Donuts<\/title>\n<meta name=\"robots\" content=\"index, follow, max-snippet:-1, max-image-preview:large, max-video-preview:-1\" \/>\n<link rel=\"canonical\" href=\"https:\/\/www.brammibalsdonuts.de\/widerrufsbelehrung\/\" \/>\n<meta property=\"og:locale\" content=\"de_DE\" \/>\n<meta property=\"og:type\" content=\"article\" \/>\n<meta property=\"og:title\" content=\"Widerrufsbelehrung - Brammibal&#039;s Vegan Donuts\" \/>\n<meta property=\"og:description\" content=\"Widerrufsrecht f\u00fcr unsere Merch-Artikel Du hast das Recht, binnen vierzehn Tagen ohne Angabe von Gr\u00fcnden diesen Vertrag zu widerrufen. Die Widerrufsfrist betr\u00e4gt vierzehn Tage ab dem Tag, an dem du oder ein von dir benannter Dritter, der nicht der Bef\u00f6rderer ist, die letzte Ware in Besitz genommen haben bzw. hat. Um das Widerrufsrecht auszu\u00fcben, musst [&hellip;]\" \/>\n<meta property=\"og:url\" content=\"https:\/\/www.brammibalsdonuts.de\/widerrufsbelehrung\/\" \/>\n<meta property=\"og:site_name\" content=\"Brammibal&#039;s Vegan Donuts\" \/>\n<meta property=\"article:publisher\" content=\"https:\/\/www.facebook.com\/brammibalsdonuts\/\" \/>\n<meta property=\"article:modified_time\" content=\"2023-02-22T13:56:56+00:00\" \/>\n<meta name=\"twitter:card\" content=\"summary_large_image\" \/>\n<meta name=\"twitter:label1\" content=\"Gesch\u00e4tzte Lesezeit\" \/>\n\t<meta name=\"twitter:data1\" content=\"2\u00a0Minuten\" \/>\n<script type=\"application\/ld+json\" class=\"yoast-schema-graph\">{\"@context\":\"https:\\\/\\\/schema.org\",\"@graph\":[{\"@type\":\"WebPage\",\"@id\":\"https:\\\/\\\/www.brammibalsdonuts.de\\\/widerrufsbelehrung\\\/\",\"url\":\"https:\\\/\\\/www.brammibalsdonuts.de\\\/widerrufsbelehrung\\\/\",\"name\":\"Widerrufsbelehrung - Brammibal&#039;s Vegan Donuts\",\"isPartOf\":{\"@id\":\"https:\\\/\\\/www.brammibalsdonuts.com\\\/#website\"},\"datePublished\":\"2023-02-22T13:51:10+00:00\",\"dateModified\":\"2023-02-22T13:56:56+00:00\",\"breadcrumb\":{\"@id\":\"https:\\\/\\\/www.brammibalsdonuts.de\\\/widerrufsbelehrung\\\/#breadcrumb\"},\"inLanguage\":\"de\",\"potentialAction\":[{\"@type\":\"ReadAction\",\"target\":[\"https:\\\/\\\/www.brammibalsdonuts.de\\\/widerrufsbelehrung\\\/\"]}]},{\"@type\":\"BreadcrumbList\",\"@id\":\"https:\\\/\\\/www.brammibalsdonuts.de\\\/widerrufsbelehrung\\\/#breadcrumb\",\"itemListElement\":[{\"@type\":\"ListItem\",\"position\":1,\"name\":\"Home\",\"item\":\"https:\\\/\\\/www.brammibalsdonuts.com\\\/de\\\/\"},{\"@type\":\"ListItem\",\"position\":2,\"name\":\"Widerrufsbelehrung\"}]},{\"@type\":\"WebSite\",\"@id\":\"https:\\\/\\\/www.brammibalsdonuts.com\\\/#website\",\"url\":\"https:\\\/\\\/www.brammibalsdonuts.com\\\/\",\"name\":\"Brammibal's Vegan Donuts\",\"description\":\"The best donuts in town.\",\"publisher\":{\"@id\":\"https:\\\/\\\/www.brammibalsdonuts.com\\\/#organization\"},\"potentialAction\":[{\"@type\":\"SearchAction\",\"target\":{\"@type\":\"EntryPoint\",\"urlTemplate\":\"https:\\\/\\\/www.brammibalsdonuts.com\\\/?s={search_term_string}\"},\"query-input\":{\"@type\":\"PropertyValueSpecification\",\"valueRequired\":true,\"valueName\":\"search_term_string\"}}],\"inLanguage\":\"de\"},{\"@type\":\"Organization\",\"@id\":\"https:\\\/\\\/www.brammibalsdonuts.com\\\/#organization\",\"name\":\"Brammibal's Vegan Donuts\",\"url\":\"https:\\\/\\\/www.brammibalsdonuts.com\\\/\",\"logo\":{\"@type\":\"ImageObject\",\"inLanguage\":\"de\",\"@id\":\"https:\\\/\\\/www.brammibalsdonuts.com\\\/#\\\/schema\\\/logo\\\/image\\\/\",\"url\":\"https:\\\/\\\/www.brammibalsdonuts.com\\\/wp-content\\\/uploads\\\/2020\\\/09\\\/logo-transparent.png\",\"contentUrl\":\"https:\\\/\\\/www.brammibalsdonuts.com\\\/wp-content\\\/uploads\\\/2020\\\/09\\\/logo-transparent.png\",\"width\":265,\"height\":234,\"caption\":\"Brammibal's Vegan Donuts\"},\"image\":{\"@id\":\"https:\\\/\\\/www.brammibalsdonuts.com\\\/#\\\/schema\\\/logo\\\/image\\\/\"},\"sameAs\":[\"https:\\\/\\\/www.facebook.com\\\/brammibalsdonuts\\\/\",\"https:\\\/\\\/www.instagram.com\\\/brammibalsdonuts\\\/\",\"https:\\\/\\\/www.tiktok.com\\\/@brammibalsdonuts?lang=en\",\"https:\\\/\\\/www.linkedin.com\\\/company\\\/brammibals-donuts\\\/?originalSubdomain=de\"]}]}<\/script>\n<!-- \/ Yoast SEO plugin. -->","yoast_head_json":{"title":"Widerrufsbelehrung - Brammibal&#039;s Vegan Donuts","robots":{"index":"index","follow":"follow","max-snippet":"max-snippet:-1","max-image-preview":"max-image-preview:large","max-video-preview":"max-video-preview:-1"},"canonical":"https:\/\/www.brammibalsdonuts.de\/widerrufsbelehrung\/","og_locale":"de_DE","og_type":"article","og_title":"Widerrufsbelehrung - Brammibal&#039;s Vegan Donuts","og_description":"Widerrufsrecht f\u00fcr unsere Merch-Artikel Du hast das Recht, binnen vierzehn Tagen ohne Angabe von Gr\u00fcnden diesen Vertrag zu widerrufen. Die Widerrufsfrist betr\u00e4gt vierzehn Tage ab dem Tag, an dem du oder ein von dir benannter Dritter, der nicht der Bef\u00f6rderer ist, die letzte Ware in Besitz genommen haben bzw. hat. Um das Widerrufsrecht auszu\u00fcben, musst [&hellip;]","og_url":"https:\/\/www.brammibalsdonuts.de\/widerrufsbelehrung\/","og_site_name":"Brammibal&#039;s Vegan Donuts","article_publisher":"https:\/\/www.facebook.com\/brammibalsdonuts\/","article_modified_time":"2023-02-22T13:56:56+00:00","twitter_card":"summary_large_image","twitter_misc":{"Gesch\u00e4tzte Lesezeit":"2\u00a0Minuten"},"schema":{"@context":"https:\/\/schema.org","@graph":[{"@type":"WebPage","@id":"https:\/\/www.brammibalsdonuts.de\/widerrufsbelehrung\/","url":"https:\/\/www.brammibalsdonuts.de\/widerrufsbelehrung\/","name":"Widerrufsbelehrung - Brammibal&#039;s Vegan Donuts","isPartOf":{"@id":"https:\/\/www.brammibalsdonuts.com\/#website"},"datePublished":"2023-02-22T13:51:10+00:00","dateModified":"2023-02-22T13:56:56+00:00","breadcrumb":{"@id":"https:\/\/www.brammibalsdonuts.de\/widerrufsbelehrung\/#breadcrumb"},"inLanguage":"de","potentialAction":[{"@type":"ReadAction","target":["https:\/\/www.brammibalsdonuts.de\/widerrufsbelehrung\/"]}]},{"@type":"BreadcrumbList","@id":"https:\/\/www.brammibalsdonuts.de\/widerrufsbelehrung\/#breadcrumb","itemListElement":[{"@type":"ListItem","position":1,"name":"Home","item":"https:\/\/www.brammibalsdonuts.com\/de\/"},{"@type":"ListItem","position":2,"name":"Widerrufsbelehrung"}]},{"@type":"WebSite","@id":"https:\/\/www.brammibalsdonuts.com\/#website","url":"https:\/\/www.brammibalsdonuts.com\/","name":"Brammibal's Vegan Donuts","description":"The best donuts in town.","publisher":{"@id":"https:\/\/www.brammibalsdonuts.com\/#organization"},"potentialAction":[{"@type":"SearchAction","target":{"@type":"EntryPoint","urlTemplate":"https:\/\/www.brammibalsdonuts.com\/?s={search_term_string}"},"query-input":{"@type":"PropertyValueSpecification","valueRequired":true,"valueName":"search_term_string"}}],"inLanguage":"de"},{"@type":"Organization","@id":"https:\/\/www.brammibalsdonuts.com\/#organization","name":"Brammibal's Vegan Donuts","url":"https:\/\/www.brammibalsdonuts.com\/","logo":{"@type":"ImageObject","inLanguage":"de","@id":"https:\/\/www.brammibalsdonuts.com\/#\/schema\/logo\/image\/","url":"https:\/\/www.brammibalsdonuts.com\/wp-content\/uploads\/2020\/09\/logo-transparent.png","contentUrl":"https:\/\/www.brammibalsdonuts.com\/wp-content\/uploads\/2020\/09\/logo-transparent.png","width":265,"height":234,"caption":"Brammibal's Vegan Donuts"},"image":{"@id":"https:\/\/www.brammibalsdonuts.com\/#\/schema\/logo\/image\/"},"sameAs":["https:\/\/www.facebook.com\/brammibalsdonuts\/","https:\/\/www.instagram.com\/brammibalsdonuts\/","https:\/\/www.tiktok.com\/@brammibalsdonuts?lang=en","https:\/\/www.linkedin.com\/company\/brammibals-donuts\/?originalSubdomain=de"]}]}},"_links":{"self":[{"href":"https:\/\/www.brammibalsdonuts.com\/de\/wp-json\/wp\/v2\/pages\/289107","targetHints":{"allow":["GET"]}}],"collection":[{"href":"https:\/\/www.brammibalsdonuts.com\/de\/wp-json\/wp\/v2\/pages"}],"about":[{"href":"https:\/\/www.brammibalsdonuts.com\/de\/wp-json\/wp\/v2\/types\/page"}],"author":[{"embeddable":true,"href":"https:\/\/www.brammibalsdonuts.com\/de\/wp-json\/wp\/v2\/users\/2"}],"replies":[{"embeddable":true,"href":"https:\/\/www.brammibalsdonuts.com\/de\/wp-json\/wp\/v2\/comments?post=289107"}],"version-history":[{"count":2,"href":"https:\/\/www.brammibalsdonuts.com\/de\/wp-json\/wp\/v2\/pages\/289107\/revisions"}],"predecessor-version":[{"id":289126,"href":"https:\/\/www.brammibalsdonuts.com\/de\/wp-json\/wp\/v2\/pages\/289107\/revisions\/289126"}],"wp:attachment":[{"href":"https:\/\/www.brammibalsdonuts.com\/de\/wp-json\/wp\/v2\/media?parent=289107"}],"curies":[{"name":"wp","href":"https:\/\/api.w.org\/{rel}","templated":true}]}}